{"id":86,"date":"2025-07-01T09:13:01","date_gmt":"2025-07-01T07:13:01","guid":{"rendered":"https:\/\/golfdesancerre.com\/?page_id=86"},"modified":"2025-07-14T16:24:12","modified_gmt":"2025-07-14T14:24:12","slug":"legal-notice","status":"publish","type":"page","link":"https:\/\/golfdesancerre.com\/en\/mentions-legales\/","title":{"rendered":"\ud80c\udc80 Mentions l\u00e9gales"},"content":{"rendered":"<p><strong>Site editor<\/strong><\/p>\n\n\n\n<ul class=\"wp-block-list\">\n<li><strong>Name or company name<\/strong>Golf de Sancerre<\/li>\n\n\n\n<li><strong>Legal form<\/strong>: SAS<\/li>\n\n\n\n<li><strong>Head office address<\/strong>SAINT THIBAULT, LA CABARETTE, 18300 SAINT-SATUR<\/li>\n\n\n\n<li><strong>Phone number<\/strong>: <a href=\"tel:0248541122\">02.48.54.11.22<\/a><\/li>\n\n\n\n<li><strong>Contact e-mail address<\/strong>: contact@golfdesancerre.com<\/li>\n\n\n\n<li><strong>Registration number<\/strong>: 750423964<\/li>\n\n\n\n<li><strong>Publishing Director<\/strong>Christian Gautier<\/li>\n<\/ul>\n\n\n\n<p><strong>Hosting<\/strong><\/p>\n\n\n\n<ul class=\"wp-block-list\">\n<li><strong>Host<\/strong>Stands<\/li>\n\n\n\n<li><strong>Host address<\/strong>Pentone, 20221 Cervioni, EU<\/li>\n<\/ul>\n\n\n\n<p><strong>Intellectual property<\/strong><br>The entire content of the GOLFDESANCERRE.COM site, referred to below as the \"Site\": text, images, graphics, logos, icons, sounds, software, etc., is the property of GOLF DE SANCERRE, referred to below as the \"Company\", and is subject to authorization for use. Any reproduction, representation, modification, publication, adaptation of all or part of the elements of the site, whatever the means or process used, is forbidden, except with the prior written authorization of the Company.<\/p>\n\n\n\n<p><strong>Terms and conditions of use<\/strong><br>Use of the site implies full acceptance of the general conditions of use described below. These conditions may be modified or supplemented at any time, so site users are advised to consult them regularly.<\/p>\n\n\n\n<p><strong>Personal data protection<\/strong><br>The information collected via the forms on this site is recorded by the Company for statistical analysis of attendance and commercial management. In accordance with the French Data Protection Act and the RGPD, you may exercise your rights of access, rectification and opposition to data concerning you by contacting <a href=\"#adresse-mail\">contact e-mail address<\/a> at the top of the page.<\/p>\n\n\n\n<p><strong>Cookies<\/strong><br>The Site uses cookies to improve the user experience, compile visit statistics and offer tailored services. To find out more and to configure cookies, please consult our privacy policy.<\/p>\n\n\n\n<p><strong>Applicable law and jurisdiction<\/strong><br>Any dispute arising in connection with the use of the Site is subject to French law. Exclusive jurisdiction is granted to the competent courts of the Company's department.<\/p>\n\n\n\n<p><strong>Contact<\/strong><br>For any questions or information about the products or services presented on the site, or about the site itself, you can leave a message at <a href=\"#adresse-mail\">contact e-mail address<\/a> at the top of the page.<\/p>","protected":false},"excerpt":{"rendered":"<p>\u00c9diteur du site H\u00e9bergement Propri\u00e9t\u00e9 intellectuelleL\u2019ensemble du contenu du site GOLFDESANCERRE.COM\u202f, d\u00e9nomm\u00e9 plus bas \u2018\u2019Site\u2019\u2019: textes, images, graphismes, logo, ic\u00f4nes, sons, logiciels, etc., est la propri\u00e9t\u00e9 de GOLF DE SANCERRE, d\u00e9nomm\u00e9e plus bas \u2018\u2019Entreprise\u2019\u2019 fait l\u2019objet d\u2019une autorisation d\u2019utilisation. Toute reproduction, repr\u00e9sentation, modification, publication, adaptation de tout ou partie des \u00e9l\u00e9ments du site, quel que&#8230;<\/p>","protected":false},"author":2,"featured_media":0,"parent":0,"menu_order":0,"comment_status":"closed","ping_status":"closed","template":"","meta":{"_kad_blocks_custom_css":"","_kad_blocks_head_custom_js":"","_kad_blocks_body_custom_js":"","_kad_blocks_footer_custom_js":"","_kad_post_transparent":"","_kad_post_title":"","_kad_post_layout":"narrow","_kad_post_sidebar_id":"","_kad_post_content_style":"","_kad_post_vertical_padding":"","_kad_post_feature":"","_kad_post_feature_position":"","_kad_post_header":false,"_kad_post_footer":false,"_kad_post_classname":"","footnotes":""},"class_list":["post-86","page","type-page","status-publish","hentry"],"taxonomy_info":[],"featured_image_src_large":false,"author_info":{"display_name":"manon","author_link":"https:\/\/golfdesancerre.com\/en\/author\/manon\/"},"comment_info":"","_links":{"self":[{"href":"https:\/\/golfdesancerre.com\/en\/wp-json\/wp\/v2\/pages\/86","targetHints":{"allow":["GET"]}}],"collection":[{"href":"https:\/\/golfdesancerre.com\/en\/wp-json\/wp\/v2\/pages"}],"about":[{"href":"https:\/\/golfdesancerre.com\/en\/wp-json\/wp\/v2\/types\/page"}],"author":[{"embeddable":true,"href":"https:\/\/golfdesancerre.com\/en\/wp-json\/wp\/v2\/users\/2"}],"replies":[{"embeddable":true,"href":"https:\/\/golfdesancerre.com\/en\/wp-json\/wp\/v2\/comments?post=86"}],"version-history":[{"count":9,"href":"https:\/\/golfdesancerre.com\/en\/wp-json\/wp\/v2\/pages\/86\/revisions"}],"predecessor-version":[{"id":277,"href":"https:\/\/golfdesancerre.com\/en\/wp-json\/wp\/v2\/pages\/86\/revisions\/277"}],"wp:attachment":[{"href":"https:\/\/golfdesancerre.com\/en\/wp-json\/wp\/v2\/media?parent=86"}],"curies":[{"name":"wp","href":"https:\/\/api.w.org\/{rel}","templated":true}]}}